{"id":962,"date":"2023-10-26T10:38:45","date_gmt":"2023-10-26T16:38:45","guid":{"rendered":"https:\/\/atevac.com.mx\/?page_id=962"},"modified":"2024-05-15T17:25:56","modified_gmt":"2024-05-15T23:25:56","slug":"atevac","status":"publish","type":"page","link":"https:\/\/atevac.com.mx\/","title":{"rendered":"ATEVAC &#8211; INICIO"},"content":{"rendered":"<div class=\"\" style=\"\" >\n    \n    <section class=\"u-clearfix u-white u-section-2\" id=\"sec-0847\">\n      <div class=\"u-clearfix u-custom-html u-expanded-width u-custom-html-1\"> <\/div>\n    <\/section>\n    <section class=\"u-align-center u-clearfix u-section-3\" id=\"sec-f827\">\n      <div class=\"u-clearfix u-sheet u-sheet-1\">\n        <lt-highlighter style=\"display: none; z-index: 1 !important;\">\n          <lt-div spellcheck=\"false\" class=\"lt-highlighter__wrapper\" style=\"width: 186px; height: 30px; transform: none !important; transform-origin: 93.0078px 15px !important; zoom: 1 !important; margin-top: 20px; margin-left: 477px;\">\n            <lt-div class=\"lt-highlighter__scroll-element\" style=\"top: 0px; left: 0px; width: 186px; height: 35px;\">\n              <canvas class=\"lt-highlighter__canvas\" width=\"186\" height=\"35\" style=\"display: none; top: 0px; left: 0px;\"><\/canvas>\n            <\/lt-div>\n          <\/lt-div>\n        <\/lt-highlighter>\n        <h1 class=\"u-align-left u-text u-text-custom-color-1 u-text-1\">PRESENTACI\u00d3N<\/h1>\n        <lt-highlighter class=\"lt-highlighter--grid-item\" style=\"display: none; z-index: 1 !important;\">\n          <lt-div spellcheck=\"false\" class=\"lt-highlighter__wrapper\" style=\"width: 1140px; height: 151px; transform: none !important; transform-origin: 570px 75.5625px !important; zoom: 1 !important; margin-top: 69px; margin-left: 0px;\">\n            <lt-div class=\"lt-highlighter__scroll-element\" style=\"top: 0px; left: 0px; width: 1140px; height: 151px;\">\n              <canvas class=\"lt-highlighter__canvas\" width=\"636\" height=\"146\" style=\"display: none; top: 3px; left: 388px;\"><\/canvas>\n              <canvas class=\"lt-highlighter__canvas\" width=\"78\" height=\"20\" style=\"display: none; top: 3px; left: 1024px;\"><\/canvas>\n            <\/lt-div>\n          <\/lt-div>\n        <\/lt-highlighter>\n        <p class=\"u-align-justify u-text u-text-2\"> Con el trabajo conjunto de especialistas, el libro De la aterosclerosis a la estenosis valvular a\u00f3rtica calcificada, en sus versiones impresa y digital, ofrece un panorama actual de una entidad y su tratamiento, que es de relevancia por la necesidad de contar con respuestas r\u00e1pidas y de actualidad de la voz de expertos en el tema.&nbsp;<br>En esta p\u00e1gina web encontrar\u00e1 la posibilidad de mantener un di\u00e1logo constante con autores que, cada uno desde su especialidad, desarrollan temas en continua evoluci\u00f3n de un tema que se requiere atender de forma moderna, veraz y cient\u00edfica.&nbsp;<br>\n        <\/p>\n      <\/div>\n    <\/section>\n    <section class=\"u-clearfix u-image u-section-4\" id=\"sec-3070\" data-image-width=\"1752\" data-image-height=\"1028\" style=\"background-image: url(&quot;https:\/\/atevac.com.mx\/wp-content\/uploads\/2023\/12\/ATEVAC_FRONT_recuadro.jpg&quot;);\">\n      <div class=\"u-clearfix u-sheet u-sheet-1\">\n        <img decoding=\"async\" class=\"u-expanded-width u-image u-image-contain u-image-default u-image-1\" src=\"https:\/\/atevac.com.mx\/wp-content\/uploads\/2023\/12\/ATEVAC_FRONT_titulolibro-48.png\" alt=\"\" data-image-width=\"1080\" data-image-height=\"212\">\n        <div class=\"u-expanded-width u-list u-list-1\">\n          <div class=\"u-repeater u-repeater-1\">\n            <div class=\"u-align-center u-container-style u-list-item u-repeater-item\">\n              <div class=\"u-container-layout u-similar-container u-container-layout-1\">\n                <h1 class=\"u-text u-text-black u-text-default u-title u-text-1\" data-animation-name=\"counter\" data-animation-event=\"scroll\" data-animation-duration=\"3000\">05<\/h1>\n                <p class=\"u-align-center u-text u-text-2\">SECCIONES<\/p>\n              <\/div>\n            <\/div>\n            <div class=\"u-align-center u-container-style u-list-item u-repeater-item\">\n              <div class=\"u-container-layout u-similar-container u-container-layout-2\">\n                <h1 class=\"u-text u-text-black u-text-default u-title u-text-3\" data-animation-name=\"counter\" data-animation-event=\"scroll\" data-animation-duration=\"3000\">28<\/h1>\n                <p class=\"u-align-center u-text u-text-default u-text-4\">CAP\u00cdTULOS<\/p>\n              <\/div>\n            <\/div>\n            <div class=\"u-align-center u-container-style u-list-item u-repeater-item\">\n              <div class=\"u-container-layout u-similar-container u-container-layout-3\">\n                <h1 class=\"u-text u-text-black u-text-default u-title u-text-5\" data-animation-name=\"counter\" data-animation-event=\"scroll\" data-animation-duration=\"3000\">68<\/h1>\n                <p class=\"u-align-center u-text u-text-default u-text-6\">AUTORES \/ COAUTORES<\/p>\n              <\/div>\n            <\/div>\n            <div class=\"u-align-center u-container-style u-list-item u-repeater-item\">\n              <div class=\"u-container-layout u-similar-container u-container-layout-4\">\n                <h1 class=\"u-text u-text-black u-text-default u-title u-text-7\" data-animation-name=\"counter\" data-animation-event=\"scroll\" data-animation-duration=\"3000\">220<\/h1>\n                <p class=\"u-align-center u-text u-text-default u-text-8\">P\u00c1GINAS<\/p>\n              <\/div>\n            <\/div>\n          <\/div>\n        <\/div>\n      <\/div>\n    <\/section>\n    <section class=\"u-align-center u-clearfix u-gradient u-section-5\" id=\"sec-c5ce\">\n      <div class=\"u-clearfix u-sheet u-sheet-1\">\n        <p class=\"u-align-justify u-text u-text-1\"> Esfuerzo individual y colectivo de la Sociedad Mexicana de Cardiolog\u00eda (SMC), De la aterosclerosis a la estenosis valvular a\u00f3rtica calcificada responde a la necesidad por contar, en espa\u00f1ol, con material cient\u00edfico de calidad acerca de una entidad que cada vez toma m\u00e1s relevancia en el mundo, as\u00ed como su tratamiento y diferencia con otras terap\u00e9uticas que existen en la actualidad.&nbsp;<br>Se ofrece al lector la opci\u00f3n de contar con una versi\u00f3n digital y una impresa, cada una con caracter\u00edsticas y objetivos distintos, pero complementarios.&nbsp;<br>\n        <\/p>\n      <\/div>\n    <\/section>\n    <section class=\"skrollable u-clearfix u-hidden-sm u-hidden-xs u-parallax u-section-6\" id=\"sec-02cd\">\n      <div class=\"data-layout-selected u-clearfix u-expanded-width u-gutter-0 u-layout-wrap u-layout-wrap-1\">\n        <div class=\"u-layout\">\n          <div class=\"u-layout-row\">\n            <div class=\"u-container-style u-image u-layout-cell u-size-12 u-image-1\" data-image-width=\"667\" data-image-height=\"333\" data-href=\"https:\/\/atevac.com.mx\/index.php\/editores\/\" title=\"EDITORES\" style=\"background-image: url(&quot;https:\/\/atevac.com.mx\/wp-content\/uploads\/2023\/12\/ATEVAC_FRONT_btn_editores.jpg&quot;);\">\n              <div class=\"u-container-layout u-valign-middle u-container-layout-1\"><\/div>\n            <\/div>\n            <div class=\"u-container-style u-image u-layout-cell u-size-12 u-image-2\" data-image-width=\"667\" data-image-height=\"333\" data-href=\"https:\/\/atevac.com.mx\/index.php\/autores\/\" title=\"AUTORES\" style=\"background-image: url(&quot;https:\/\/atevac.com.mx\/wp-content\/uploads\/2023\/12\/ATEVAC_FRONT_btn_autores.jpg&quot;);\">\n              <div class=\"u-container-layout u-container-layout-2\"><\/div>\n            <\/div>\n            <div class=\"u-container-style u-image u-layout-cell u-size-12 u-image-3\" data-image-width=\"667\" data-image-height=\"333\" data-href=\"https:\/\/atevac.com.mx\/index.php\/librodigital\/\" title=\"Libro Digital\" style=\"background-image: url(&quot;https:\/\/atevac.com.mx\/wp-content\/uploads\/2023\/12\/ATEVAC_FRONT_btn_librodigital.jpg&quot;);\">\n              <div class=\"u-container-layout u-valign-middle u-container-layout-3\"><\/div>\n            <\/div>\n            <div class=\"u-container-style u-image u-layout-cell u-size-13 u-image-4\" data-image-width=\"667\" data-image-height=\"333\" data-href=\"https:\/\/atevac.com.mx\/index.php\/tutoriales\/\" title=\"TUTORIALES\" style=\"background-image: url(&quot;https:\/\/atevac.com.mx\/wp-content\/uploads\/2023\/12\/ATEVAC_FRONT_btn_tutorial.jpg&quot;);\">\n              <div class=\"u-container-layout u-valign-middle u-container-layout-4\"><\/div>\n            <\/div>\n            <div class=\"u-container-style u-image u-layout-cell u-size-11 u-image-5\" data-image-width=\"667\" data-image-height=\"333\" data-href=\"https:\/\/atevac.com.mx\/index.php\/grupo-editorial\/\" title=\"GRUPO EDITORIAL\" style=\"background-image: url(&quot;https:\/\/atevac.com.mx\/wp-content\/uploads\/2023\/12\/ATEVAC_FRONT_btn_grupoeditorial.jpg&quot;);\">\n              <div class=\"u-container-layout u-valign-middle u-container-layout-5\"><\/div>\n            <\/div>\n          <\/div>\n        <\/div>\n      <\/div>\n    <\/section>\n    <section class=\"skrollable u-clearfix u-hidden-lg u-hidden-md u-hidden-xl u-parallax u-valign-middle-lg u-valign-middle-md u-valign-middle-sm u-valign-middle-xl u-section-7\" id=\"carousel_c961\" data-href=\"https:\/\/atevac.com.mx\/index.php\/librodigital\/\">\n      <div class=\"custom-expanded data-layout-selected u-clearfix u-expanded-width-lg u-expanded-width-md u-expanded-width-sm u-expanded-width-xl u-gutter-0 u-hidden-lg u-hidden-md u-hidden-xl u-layout-wrap u-layout-wrap-1\">\n        <div class=\"u-layout\">\n          <div class=\"u-layout-row\">\n            <div class=\"u-container-style u-image u-layout-cell u-size-12 u-image-1\" data-image-width=\"667\" data-image-height=\"333\" data-href=\"https:\/\/atevac.com.mx\/index.php\/editores\/\" title=\"EDITORES\" style=\"background-image: url(&quot;https:\/\/atevac.com.mx\/wp-content\/uploads\/2023\/12\/ATEVAC_FRONT_btn_editores.jpg&quot;);\">\n              <div class=\"u-container-layout u-valign-middle u-container-layout-1\"><\/div>\n            <\/div>\n            <div class=\"u-container-style u-image u-layout-cell u-size-12 u-image-2\" data-image-width=\"667\" data-image-height=\"333\" data-href=\"https:\/\/atevac.com.mx\/index.php\/autores\/\" title=\"AUTORES\" style=\"background-image: url(&quot;https:\/\/atevac.com.mx\/wp-content\/uploads\/2023\/12\/ATEVAC_FRONT_btn_autores.jpg&quot;);\">\n              <div class=\"u-container-layout u-container-layout-2\"><\/div>\n            <\/div>\n            <div class=\"u-container-style u-image u-layout-cell u-size-12 u-image-3\" data-image-width=\"667\" data-image-height=\"333\" data-href=\"https:\/\/atevac.com.mx\/index.php\/librodigital\/\" title=\"Libro Digital\" style=\"background-image: url(&quot;https:\/\/atevac.com.mx\/wp-content\/uploads\/2023\/12\/ATEVAC_FRONT_btn_librodigital.jpg&quot;);\">\n              <div class=\"u-container-layout u-valign-middle u-container-layout-3\"><\/div>\n            <\/div>\n            <div class=\"u-container-style u-image u-layout-cell u-size-13 u-image-4\" data-image-width=\"667\" data-image-height=\"333\" data-href=\"https:\/\/atevac.com.mx\/index.php\/tutoriales\/\" title=\"TUTORIALES\" style=\"background-image: url(&quot;https:\/\/atevac.com.mx\/wp-content\/uploads\/2023\/12\/ATEVAC_FRONT_btn_tutorial.jpg&quot;);\">\n              <div class=\"u-container-layout u-valign-middle u-container-layout-4\"><\/div>\n            <\/div>\n            <div class=\"u-container-style u-image u-image-contain u-layout-cell u-size-11 u-image-5\" data-image-width=\"667\" data-image-height=\"333\" data-href=\"https:\/\/atevac.com.mx\/index.php\/grupo-editorial\/\" title=\"GRUPO EDITORIAL\" style=\"background-image: url(&quot;https:\/\/atevac.com.mx\/wp-content\/uploads\/2023\/12\/ATEVAC_FRONT_btn_grupoeditorial.jpg&quot;);\">\n              <div class=\"u-container-layout u-valign-middle u-container-layout-5\"><\/div>\n            <\/div>\n          <\/div>\n        <\/div>\n      <\/div>\n    <\/section>\n    \n    \n    \n  \n<\/div>","protected":false},"excerpt":{"rendered":"<p> PRESENTACI\u00d3N Con el trabajo conjunto de especialistas, el libro De la aterosclerosis a la estenosis valvular a\u00f3rtica calcificada, en sus versiones impresa y digital, ofrece un panorama actual de una entidad y su tratamiento, que es de relevancia por la necesidad de contar con respuestas r\u00e1pidas y de actualidad de la voz de [&hellip;]<\/p>\n","protected":false},"author":1,"featured_media":0,"parent":0,"menu_order":0,"comment_status":"closed","ping_status":"closed","template":"","meta":{"_et_pb_use_builder":"on","_et_pb_old_content":"[smartslider3 slider=\"2\"] \n    \n    \n      \n        \n          \n            \n              \n            \n          \n        \n        PRESENTACI\u00d3N\n        \n          \n            \n              \n              \n            \n          \n        \n         Con el trabajo conjunto de especialistas, el libro De la aterosclerosis a la estenosis valvular a\u00f3rtica calcificada, en sus versiones impresa y digital, ofrece un panorama actual de una entidad y su tratamiento, que es de relevancia por la necesidad de contar con respuestas r\u00e1pidas y de actualidad de la voz de expertos en el tema.&nbsp;En esta p\u00e1gina web encontrar\u00e1 la posibilidad de mantener un di\u00e1logo constante con autores que, cada uno desde su especialidad, desarrollan temas en continua evoluci\u00f3n de un tema que se requiere atender de forma moderna, veraz y cient\u00edfica.&nbsp;\n        \n      \n    \n    \n      \n        \n        \n          \n            \n              \n                05\n                SECCIONES\n              \n            \n            \n              \n                28\n                CAP\u00cdTULOS\n              \n            \n            \n              \n                68\n                AUTORES \/ COAUTORES\n              \n            \n            \n              \n                220\n                P\u00c1GINAS\n              \n            \n          \n        \n      \n    \n    \n      \n         Esfuerzo individual y colectivo de la Sociedad Mexicana de Cardiolog\u00eda (SMC), De la aterosclerosis a la estenosis valvular a\u00f3rtica calcificada responde a la necesidad por contar, en espa\u00f1ol, con material cient\u00edfico de calidad acerca de una entidad que cada vez toma m\u00e1s relevancia en el mundo, as\u00ed como su tratamiento y diferencia con otras terap\u00e9uticas que existen en la actualidad.&nbsp;Se ofrece al lector la opci\u00f3n de contar con una versi\u00f3n digital y una impresa, cada una con caracter\u00edsticas y objetivos distintos, pero complementarios.&nbsp;","_et_gb_content_width":"","_monsterinsights_skip_tracking":false,"_monsterinsights_sitenote_active":false,"_monsterinsights_sitenote_note":"","_monsterinsights_sitenote_category":0,"footnotes":""},"class_list":["post-962","page","type-page","status-publish","hentry"],"aioseo_notices":[],"_links":{"self":[{"href":"https:\/\/atevac.com.mx\/index.php\/wp-json\/wp\/v2\/pages\/962","targetHints":{"allow":["GET"]}}],"collection":[{"href":"https:\/\/atevac.com.mx\/index.php\/wp-json\/wp\/v2\/pages"}],"about":[{"href":"https:\/\/atevac.com.mx\/index.php\/wp-json\/wp\/v2\/types\/page"}],"author":[{"embeddable":true,"href":"https:\/\/atevac.com.mx\/index.php\/wp-json\/wp\/v2\/users\/1"}],"replies":[{"embeddable":true,"href":"https:\/\/atevac.com.mx\/index.php\/wp-json\/wp\/v2\/comments?post=962"}],"version-history":[{"count":84,"href":"https:\/\/atevac.com.mx\/index.php\/wp-json\/wp\/v2\/pages\/962\/revisions"}],"predecessor-version":[{"id":1766,"href":"https:\/\/atevac.com.mx\/index.php\/wp-json\/wp\/v2\/pages\/962\/revisions\/1766"}],"wp:attachment":[{"href":"https:\/\/atevac.com.mx\/index.php\/wp-json\/wp\/v2\/media?parent=962"}],"curies":[{"name":"wp","href":"https:\/\/api.w.org\/{rel}","templated":true}]}}